{"id":987788,"date":"2022-10-26T09:20:31","date_gmt":"2022-10-26T09:20:31","guid":{"rendered":"https:\/\/pusulaambalaj.com.tr\/httpdocs\/?page_id=987788"},"modified":"2025-01-31T09:51:31","modified_gmt":"2025-01-31T09:51:31","slug":"kimyasallar","status":"publish","type":"page","link":"https:\/\/pusulaambalaj.com.tr\/en\/kimyasallar\/","title":{"rendered":"chemicals"},"content":{"rendered":"<div class=\"vgblk-rw-wrapper limit-wrapper\">\n\n\t<p>End\u00fcstriyel ve kurumsal temizlik, temel amac\u0131 hijyen ve sterilite sa\u011flamakla birlikte \u00e7ok b\u00fcy\u00fck miktarda kimyasal t\u00fcketir. Elbette temizlik \u00fcr\u00fcnleri binalar\u0131n ve end\u00fcstriyel tesislerin bak\u0131m\u0131yla ilgili bir dizi ba\u015fka i\u015flevi de yerine getirebilir. Bu ama\u00e7la uygun temizleme ve y\u0131kama teknolojileri kullan\u0131lmaktad\u0131r.<\/p>\n<p>Bu t\u00fcr \u00fcr\u00fcnlerin en b\u00fcy\u00fck grubu, teknik temizli\u011fe adanm\u0131\u015f olanlar\u0131d\u0131r. \u00c7ok \u00e7e\u015fitli uygulamalara sahip \u00fcr\u00fcnler vard\u0131r, \u00f6rn. imalat fabrikalar\u0131n\u0131n, araba at\u00f6lyelerinin, depolar\u0131n ve ekipmanlar\u0131n\u0131n (\u00f6rn. nakliye ara\u00e7lar\u0131) i\u00e7inin temizlenmesi ve ayr\u0131ca belirli y\u00fczey tipleri (\u00f6rn. metaller) veya se\u00e7ilen \u00f6zellikler (\u00f6rn. ya\u011f giderme, cilalama veya kimyasal i\u015flem) i\u00e7in farkl\u0131 \u00fcr\u00fcnler gerekmektedir.<\/p>\n<p>Sundu\u011fumuz \u00fcr\u00fcn \u00e7e\u015fitlerinin fazla olmas\u0131 sayesinde siz de ihtiyac\u0131n\u0131z olan \u00fcr\u00fcn\u00fc kolayca tedarik edebilirsiniz.<\/p>\n\t\t\t\t\t\t\t<img loading=\"lazy\" decoding=\"async\" src=\"https:\/\/pusulaambalaj.com.tr\/wp-content\/uploads\/2025\/01\/Antilime.jpg\" alt=\"Antilime\" itemprop=\"image\" height=\"750\" width=\"750\" title=\"Antilime\" onerror=\"this.style.display='none'\"  sizes=\"auto, (max-width: 768px) 100vw, 100vw\" srcset=\"https:\/\/pusulaambalaj.com.tr\/wp-content\/uploads\/2025\/01\/Antilime.jpg 750w, https:\/\/pusulaambalaj.com.tr\/wp-content\/uploads\/2025\/01\/Antilime-300x300.jpg 300w, https:\/\/pusulaambalaj.com.tr\/wp-content\/uploads\/2025\/01\/Antilime-150x150.jpg 150w, https:\/\/pusulaambalaj.com.tr\/wp-content\/uploads\/2025\/01\/Antilime-12x12.jpg 12w, https:\/\/pusulaambalaj.com.tr\/wp-content\/uploads\/2025\/01\/Antilime-630x630.jpg 630w, https:\/\/pusulaambalaj.com.tr\/wp-content\/uploads\/2025\/01\/Antilime-420x420.jpg 420w, https:\/\/pusulaambalaj.com.tr\/wp-content\/uploads\/2025\/01\/Antilime-315x315.jpg 315w, https:\/\/pusulaambalaj.com.tr\/wp-content\/uploads\/2025\/01\/Antilime-100x100.jpg 100w\" \/>\t\t\t\t\t\t\t\n<h4>\n\t\tAntilime\n\t<\/h4>\n\t<p>Bula\u015f\u0131k Makineleri i\u00e7in Kire\u00e7 \u00c7\u00f6z\u00fcc\u00fc ve Bak\u0131m Maddesi<\/p>\n\t\t\t\t\t\t\t<img loading=\"lazy\" decoding=\"async\" src=\"https:\/\/pusulaambalaj.com.tr\/wp-content\/uploads\/2025\/01\/Asmin.jpg\" alt=\"Asmin\" itemprop=\"image\" height=\"750\" width=\"750\" title=\"Asmin\" onerror=\"this.style.display='none'\"  sizes=\"auto, (max-width: 768px) 100vw, 100vw\" srcset=\"https:\/\/pusulaambalaj.com.tr\/wp-content\/uploads\/2025\/01\/Asmin.jpg 750w, https:\/\/pusulaambalaj.com.tr\/wp-content\/uploads\/2025\/01\/Asmin-300x300.jpg 300w, https:\/\/pusulaambalaj.com.tr\/wp-content\/uploads\/2025\/01\/Asmin-150x150.jpg 150w, https:\/\/pusulaambalaj.com.tr\/wp-content\/uploads\/2025\/01\/Asmin-12x12.jpg 12w, https:\/\/pusulaambalaj.com.tr\/wp-content\/uploads\/2025\/01\/Asmin-630x630.jpg 630w, https:\/\/pusulaambalaj.com.tr\/wp-content\/uploads\/2025\/01\/Asmin-420x420.jpg 420w, https:\/\/pusulaambalaj.com.tr\/wp-content\/uploads\/2025\/01\/Asmin-315x315.jpg 315w, https:\/\/pusulaambalaj.com.tr\/wp-content\/uploads\/2025\/01\/Asmin-100x100.jpg 100w\" \/>\t\t\t\t\t\t\t\n<h4>\n\t\tAsmin\n\t<\/h4>\n\t<p>Antistatik \u00c7ama\u015f\u0131r Yumu\u015fat\u0131c\u0131s\u0131<\/p>\n\t\t\t\t\t\t\t<img loading=\"lazy\" decoding=\"async\" src=\"https:\/\/pusulaambalaj.com.tr\/wp-content\/uploads\/2025\/01\/Carpet.jpg\" alt=\"Carpet\" itemprop=\"image\" height=\"750\" width=\"750\" title=\"Carpet\" onerror=\"this.style.display='none'\"  sizes=\"auto, (max-width: 768px) 100vw, 100vw\" srcset=\"https:\/\/pusulaambalaj.com.tr\/wp-content\/uploads\/2025\/01\/Carpet.jpg 750w, https:\/\/pusulaambalaj.com.tr\/wp-content\/uploads\/2025\/01\/Carpet-300x300.jpg 300w, https:\/\/pusulaambalaj.com.tr\/wp-content\/uploads\/2025\/01\/Carpet-150x150.jpg 150w, https:\/\/pusulaambalaj.com.tr\/wp-content\/uploads\/2025\/01\/Carpet-12x12.jpg 12w, https:\/\/pusulaambalaj.com.tr\/wp-content\/uploads\/2025\/01\/Carpet-630x630.jpg 630w, https:\/\/pusulaambalaj.com.tr\/wp-content\/uploads\/2025\/01\/Carpet-420x420.jpg 420w, https:\/\/pusulaambalaj.com.tr\/wp-content\/uploads\/2025\/01\/Carpet-315x315.jpg 315w, https:\/\/pusulaambalaj.com.tr\/wp-content\/uploads\/2025\/01\/Carpet-100x100.jpg 100w\" \/>\t\t\t\t\t\t\t\n<h4>\n\t\tCarpet \n\t<\/h4>\n\t<p>Manuel Kullan\u0131m i\u00e7in Hal\u0131 Y\u0131kama Maddesi<\/p>\n\t\t\t\t\t\t\t<img loading=\"lazy\" decoding=\"async\" src=\"https:\/\/pusulaambalaj.com.tr\/wp-content\/uploads\/2025\/01\/Conteiner.jpg\" alt=\"Conteiner\" itemprop=\"image\" height=\"750\" width=\"750\" title=\"Conteiner\" onerror=\"this.style.display='none'\"  sizes=\"auto, (max-width: 768px) 100vw, 100vw\" srcset=\"https:\/\/pusulaambalaj.com.tr\/wp-content\/uploads\/2025\/01\/Conteiner.jpg 750w, https:\/\/pusulaambalaj.com.tr\/wp-content\/uploads\/2025\/01\/Conteiner-300x300.jpg 300w, https:\/\/pusulaambalaj.com.tr\/wp-content\/uploads\/2025\/01\/Conteiner-150x150.jpg 150w, https:\/\/pusulaambalaj.com.tr\/wp-content\/uploads\/2025\/01\/Conteiner-12x12.jpg 12w, https:\/\/pusulaambalaj.com.tr\/wp-content\/uploads\/2025\/01\/Conteiner-630x630.jpg 630w, https:\/\/pusulaambalaj.com.tr\/wp-content\/uploads\/2025\/01\/Conteiner-420x420.jpg 420w, https:\/\/pusulaambalaj.com.tr\/wp-content\/uploads\/2025\/01\/Conteiner-315x315.jpg 315w, https:\/\/pusulaambalaj.com.tr\/wp-content\/uploads\/2025\/01\/Conteiner-100x100.jpg 100w\" \/>\t\t\t\t\t\t\t\n<h4>\n\t\tConteiner \n\t<\/h4>\n\t<p>Hijyenik Konteyner Temizleme Maddesi<\/p>\n\t\t\t\t\t\t\t<img loading=\"lazy\" decoding=\"async\" src=\"https:\/\/pusulaambalaj.com.tr\/wp-content\/uploads\/2025\/01\/K-310.jpg\" alt=\"K-310\" itemprop=\"image\" height=\"750\" width=\"750\" title=\"K-310\" onerror=\"this.style.display='none'\"  sizes=\"auto, (max-width: 768px) 100vw, 100vw\" srcset=\"https:\/\/pusulaambalaj.com.tr\/wp-content\/uploads\/2025\/01\/K-310.jpg 750w, https:\/\/pusulaambalaj.com.tr\/wp-content\/uploads\/2025\/01\/K-310-300x300.jpg 300w, https:\/\/pusulaambalaj.com.tr\/wp-content\/uploads\/2025\/01\/K-310-150x150.jpg 150w, https:\/\/pusulaambalaj.com.tr\/wp-content\/uploads\/2025\/01\/K-310-12x12.jpg 12w, https:\/\/pusulaambalaj.com.tr\/wp-content\/uploads\/2025\/01\/K-310-630x630.jpg 630w, https:\/\/pusulaambalaj.com.tr\/wp-content\/uploads\/2025\/01\/K-310-420x420.jpg 420w, https:\/\/pusulaambalaj.com.tr\/wp-content\/uploads\/2025\/01\/K-310-315x315.jpg 315w, https:\/\/pusulaambalaj.com.tr\/wp-content\/uploads\/2025\/01\/K-310-100x100.jpg 100w\" \/>\t\t\t\t\t\t\t\n<h4>\n\t\tK310 \n\t<\/h4>\n\t<p>Konsantre Genel Y\u00fczey Temizleme Maddesi<\/p>\n\t\t\t\t\t\t\t<img loading=\"lazy\" decoding=\"async\" src=\"https:\/\/pusulaambalaj.com.tr\/wp-content\/uploads\/2025\/01\/Flores.jpg\" alt=\"Flores\" itemprop=\"image\" height=\"750\" width=\"750\" title=\"Flores\" onerror=\"this.style.display='none'\"  sizes=\"auto, (max-width: 768px) 100vw, 100vw\" srcset=\"https:\/\/pusulaambalaj.com.tr\/wp-content\/uploads\/2025\/01\/Flores.jpg 750w, https:\/\/pusulaambalaj.com.tr\/wp-content\/uploads\/2025\/01\/Flores-300x300.jpg 300w, https:\/\/pusulaambalaj.com.tr\/wp-content\/uploads\/2025\/01\/Flores-150x150.jpg 150w, https:\/\/pusulaambalaj.com.tr\/wp-content\/uploads\/2025\/01\/Flores-12x12.jpg 12w, https:\/\/pusulaambalaj.com.tr\/wp-content\/uploads\/2025\/01\/Flores-630x630.jpg 630w, https:\/\/pusulaambalaj.com.tr\/wp-content\/uploads\/2025\/01\/Flores-420x420.jpg 420w, https:\/\/pusulaambalaj.com.tr\/wp-content\/uploads\/2025\/01\/Flores-315x315.jpg 315w, https:\/\/pusulaambalaj.com.tr\/wp-content\/uploads\/2025\/01\/Flores-100x100.jpg 100w\" \/>\t\t\t\t\t\t\t\n<h4>\n\t\tFlores \n\t<\/h4>\n\t<p>Genel Y\u00fczey Temizleme Maddesi<\/p>\n\t\t\t\t\t\t\t<img loading=\"lazy\" decoding=\"async\" src=\"https:\/\/pusulaambalaj.com.tr\/wp-content\/uploads\/2025\/01\/Blanch.jpg\" alt=\"Blanch\" itemprop=\"image\" height=\"750\" width=\"750\" title=\"Blanch\" onerror=\"this.style.display='none'\"  sizes=\"auto, (max-width: 768px) 100vw, 100vw\" srcset=\"https:\/\/pusulaambalaj.com.tr\/wp-content\/uploads\/2025\/01\/Blanch.jpg 750w, https:\/\/pusulaambalaj.com.tr\/wp-content\/uploads\/2025\/01\/Blanch-300x300.jpg 300w, https:\/\/pusulaambalaj.com.tr\/wp-content\/uploads\/2025\/01\/Blanch-150x150.jpg 150w, https:\/\/pusulaambalaj.com.tr\/wp-content\/uploads\/2025\/01\/Blanch-12x12.jpg 12w, https:\/\/pusulaambalaj.com.tr\/wp-content\/uploads\/2025\/01\/Blanch-630x630.jpg 630w, https:\/\/pusulaambalaj.com.tr\/wp-content\/uploads\/2025\/01\/Blanch-420x420.jpg 420w, https:\/\/pusulaambalaj.com.tr\/wp-content\/uploads\/2025\/01\/Blanch-315x315.jpg 315w, https:\/\/pusulaambalaj.com.tr\/wp-content\/uploads\/2025\/01\/Blanch-100x100.jpg 100w\" \/>\t\t\t\t\t\t\t\n<h4>\n\t\tBlanch\n\t<\/h4>\n\t<p>Klor Bazl\u0131 A\u011fart\u0131c\u0131 ve Leke \u00c7\u0131kar\u0131c\u0131 Yard\u0131mc\u0131 Y\u0131kama Maddesi<\/p>\n\t\t\t\t\t\t\t<img loading=\"lazy\" decoding=\"async\" src=\"https:\/\/pusulaambalaj.com.tr\/wp-content\/uploads\/2025\/01\/Pro-401.jpg\" alt=\"Pro 401\" itemprop=\"image\" height=\"750\" width=\"750\" title=\"Pro 401\" onerror=\"this.style.display='none'\"  sizes=\"auto, (max-width: 768px) 100vw, 100vw\" srcset=\"https:\/\/pusulaambalaj.com.tr\/wp-content\/uploads\/2025\/01\/Pro-401.jpg 750w, https:\/\/pusulaambalaj.com.tr\/wp-content\/uploads\/2025\/01\/Pro-401-300x300.jpg 300w, https:\/\/pusulaambalaj.com.tr\/wp-content\/uploads\/2025\/01\/Pro-401-150x150.jpg 150w, https:\/\/pusulaambalaj.com.tr\/wp-content\/uploads\/2025\/01\/Pro-401-12x12.jpg 12w, https:\/\/pusulaambalaj.com.tr\/wp-content\/uploads\/2025\/01\/Pro-401-630x630.jpg 630w, https:\/\/pusulaambalaj.com.tr\/wp-content\/uploads\/2025\/01\/Pro-401-420x420.jpg 420w, https:\/\/pusulaambalaj.com.tr\/wp-content\/uploads\/2025\/01\/Pro-401-315x315.jpg 315w, https:\/\/pusulaambalaj.com.tr\/wp-content\/uploads\/2025\/01\/Pro-401-100x100.jpg 100w\" \/>\t\t\t\t\t\t\t\n<h4>\n\t\tPro 401 \n\t<\/h4>\n\t<p>A\u011fart\u0131c\u0131 \u0130\u00e7ermeyen Ana Y\u0131kama Maddesi<\/p>\n\t\t\t\t\t\t\t<img loading=\"lazy\" decoding=\"async\" src=\"https:\/\/pusulaambalaj.com.tr\/wp-content\/uploads\/2025\/01\/Proex-B.jpg\" alt=\"Proex B\" itemprop=\"image\" height=\"750\" width=\"750\" title=\"Proex B\" onerror=\"this.style.display='none'\"  sizes=\"auto, (max-width: 768px) 100vw, 100vw\" srcset=\"https:\/\/pusulaambalaj.com.tr\/wp-content\/uploads\/2025\/01\/Proex-B.jpg 750w, https:\/\/pusulaambalaj.com.tr\/wp-content\/uploads\/2025\/01\/Proex-B-300x300.jpg 300w, https:\/\/pusulaambalaj.com.tr\/wp-content\/uploads\/2025\/01\/Proex-B-150x150.jpg 150w, https:\/\/pusulaambalaj.com.tr\/wp-content\/uploads\/2025\/01\/Proex-B-12x12.jpg 12w, https:\/\/pusulaambalaj.com.tr\/wp-content\/uploads\/2025\/01\/Proex-B-630x630.jpg 630w, https:\/\/pusulaambalaj.com.tr\/wp-content\/uploads\/2025\/01\/Proex-B-420x420.jpg 420w, https:\/\/pusulaambalaj.com.tr\/wp-content\/uploads\/2025\/01\/Proex-B-315x315.jpg 315w, https:\/\/pusulaambalaj.com.tr\/wp-content\/uploads\/2025\/01\/Proex-B-100x100.jpg 100w\" \/>\t\t\t\t\t\t\t\n<h4>\n\t\tProex B \n\t<\/h4>\n\t<p>Tanin ve Protein Bazl\u0131 Leke S\u00f6k\u00fcc\u00fc<\/p>\n\n<\/div><!-- .vgblk-rw-wrapper -->","protected":false},"excerpt":{"rendered":"<p>End\u00fcstriyel ve kurumsal temizlik, temel amac\u0131 hijyen ve sterilite sa\u011flamakla birlikte \u00e7ok b\u00fcy\u00fck miktarda kimyasal t\u00fcketir. Elbette temizlik \u00fcr\u00fcnleri binalar\u0131n ve end\u00fcstriyel tesislerin bak\u0131m\u0131yla ilgili bir dizi ba\u015fka i\u015flevi de yerine getirebilir. Bu ama\u00e7la uygun temizleme ve y\u0131kama teknolojileri kullan\u0131lmaktad\u0131r. Bu t\u00fcr \u00fcr\u00fcnlerin en b\u00fcy\u00fck grubu, teknik temizli\u011fe adanm\u0131\u015f olanlar\u0131d\u0131r. \u00c7ok \u00e7e\u015fitli uygulamalara sahip \u00fcr\u00fcnler&#8230;<\/p>","protected":false},"author":1,"featured_media":0,"parent":0,"menu_order":0,"comment_status":"closed","ping_status":"closed","template":"","meta":{"inline_featured_image":false,"footnotes":""},"class_list":["post-987788","page","type-page","status-publish","hentry"],"jetpack_sharing_enabled":true,"_links":{"self":[{"href":"https:\/\/pusulaambalaj.com.tr\/en\/wp-json\/wp\/v2\/pages\/987788","targetHints":{"allow":["GET"]}}],"collection":[{"href":"https:\/\/pusulaambalaj.com.tr\/en\/wp-json\/wp\/v2\/pages"}],"about":[{"href":"https:\/\/pusulaambalaj.com.tr\/en\/wp-json\/wp\/v2\/types\/page"}],"author":[{"embeddable":true,"href":"https:\/\/pusulaambalaj.com.tr\/en\/wp-json\/wp\/v2\/users\/1"}],"replies":[{"embeddable":true,"href":"https:\/\/pusulaambalaj.com.tr\/en\/wp-json\/wp\/v2\/comments?post=987788"}],"version-history":[{"count":14,"href":"https:\/\/pusulaambalaj.com.tr\/en\/wp-json\/wp\/v2\/pages\/987788\/revisions"}],"predecessor-version":[{"id":988611,"href":"https:\/\/pusulaambalaj.com.tr\/en\/wp-json\/wp\/v2\/pages\/987788\/revisions\/988611"}],"wp:attachment":[{"href":"https:\/\/pusulaambalaj.com.tr\/en\/wp-json\/wp\/v2\/media?parent=987788"}],"curies":[{"name":"wp","href":"https:\/\/api.w.org\/{rel}","templated":true}]}}